{"id":282,"date":"2017-04-26T17:28:03","date_gmt":"2017-04-26T14:28:03","guid":{"rendered":"http:\/\/www.ap-ay.com\/?page_id=282"},"modified":"2017-07-28T15:15:20","modified_gmt":"2017-07-28T12:15:20","slug":"iletisim","status":"publish","type":"page","link":"https:\/\/www.ap-ay.com\/insaat\/iletisim\/","title":{"rendered":"\u0130leti\u015fim"},"content":{"rendered":"<div id=\"tdi_1\" class=\"tdc-row\"><div class=\"vc_row tdi_2  wpb_row td-pb-row\" >\n<style scoped>\n\n\/* custom css *\/\n.tdi_2,\r\n                .tdi_2 .tdc-columns{\r\n                    min-height: 0;\r\n                }.tdi_2,\r\n\t\t\t\t.tdi_2 .tdc-columns{\r\n\t\t\t\t    display: block;\r\n\t\t\t\t}.tdi_2 .tdc-columns{\r\n\t\t\t\t    width: 100%;\r\n\t\t\t\t}\n<\/style><div class=\"vc_column tdi_4  wpb_column vc_column_container tdc-column td-pb-span4\">\n<style scoped>\n\n\/* custom css *\/\n.tdi_4{\r\n                    vertical-align: baseline;\r\n                }.tdi_4 > .wpb_wrapper,\r\n\t\t\t\t.tdi_4 > .wpb_wrapper > .tdc-elements{\r\n\t\t\t\t    display: block;\r\n\t\t\t\t}.tdi_4 > .wpb_wrapper > .tdc-elements{\r\n\t\t\t\t    width: 100%;\r\n\t\t\t\t}.tdi_4 > .wpb_wrapper{\r\n\t\t\t\t    width: auto;\r\n\t\t\t\t    height: auto;\r\n\t\t\t\t}\n<\/style><div class=\"wpb_wrapper\"><div class=\"wpb_wrapper td_block_wrap vc_widget_sidebar tdi_6 \" ><\/div><\/div><\/div><div class=\"vc_column tdi_8  wpb_column vc_column_container tdc-column td-pb-span8\">\n<style scoped>\n\n\/* custom css *\/\n.tdi_8{\r\n                    vertical-align: baseline;\r\n                }.tdi_8 > .wpb_wrapper,\r\n\t\t\t\t.tdi_8 > .wpb_wrapper > .tdc-elements{\r\n\t\t\t\t    display: block;\r\n\t\t\t\t}.tdi_8 > .wpb_wrapper > .tdc-elements{\r\n\t\t\t\t    width: 100%;\r\n\t\t\t\t}.tdi_8 > .wpb_wrapper{\r\n\t\t\t\t    width: auto;\r\n\t\t\t\t    height: auto;\r\n\t\t\t\t}\n<\/style><div class=\"wpb_wrapper\"><div class=\"td_block_wrap td_block_text_with_title tdi_9 tagdiv-type td-pb-border-top td_block_template_1\"  data-td-block-uid=\"tdi_9\" >\n<style>\n\/* custom css *\/\n.td_block_text_with_title{\r\n                  margin-bottom: 44px;\r\n                  -webkit-transform: translateZ(0);\r\n                  transform: translateZ(0);\r\n                }.td_block_text_with_title p:last-child{\r\n                  margin-bottom: 0;\r\n                }\n<\/style><div class=\"td-block-title-wrap\"><h4 class=\"block-title td-block-title\"><span class=\"td-pulldown-size\">\u0130leti\u015fim Bilgileri<\/span><\/h4><\/div><div class=\"td_mod_wrap td-fix-index\"><p><strong>ADRES:<\/strong> \u0130n\u00f6n\u00fc Mahallesi Yeninalbant Sk. No:10\/A Elmada\u011f-\u015ei\u015fli\/\u0130STANBUL<br \/>\n<strong>TEL.:<\/strong> 0212 233 86 22 &#8211; 230 21 71<br \/>\n<strong>FAX.:<\/strong> 0212 296 26 01<br \/>\n<strong>E-MAIL:<\/strong> <a class=\"link1\" href=\"mailto:ap-ay@www.ap-ay.com\">AP-AY@www.ap-ay.com<\/a><br \/>\n<strong>V.D.:<\/strong> BEYO\u011eLU<br \/>\n<strong>V.NO:<\/strong> 524 007 6422<\/p>\n<\/div><\/div><\/div><\/div><\/div><\/div>","protected":false},"excerpt":{"rendered":"\u0130leti\u015fim BilgileriADRES: \u0130n\u00f6n\u00fc Mahallesi Yeninalbant Sk. No:10\/A Elmada\u011f-\u015ei\u015fli\/\u0130STANBUL TEL.: 0212 233 86 22 - 230 21 71 FAX.: 0212 296 26 01 E-MAIL: AP-AY@www.ap-ay.com V.D.: BEYO\u011eLU V.NO: 524 007 6422","protected":false},"author":1,"featured_media":0,"parent":0,"menu_order":0,"comment_status":"closed","ping_status":"closed","template":"","meta":[],"_links":{"self":[{"href":"https:\/\/www.ap-ay.com\/insaat\/wp-json\/wp\/v2\/pages\/282"}],"collection":[{"href":"https:\/\/www.ap-ay.com\/insaat\/wp-json\/wp\/v2\/pages"}],"about":[{"href":"https:\/\/www.ap-ay.com\/insaat\/wp-json\/wp\/v2\/types\/page"}],"author":[{"embeddable":true,"href":"https:\/\/www.ap-ay.com\/insaat\/wp-json\/wp\/v2\/users\/1"}],"replies":[{"embeddable":true,"href":"https:\/\/www.ap-ay.com\/insaat\/wp-json\/wp\/v2\/comments?post=282"}],"version-history":[{"count":2,"href":"https:\/\/www.ap-ay.com\/insaat\/wp-json\/wp\/v2\/pages\/282\/revisions"}],"predecessor-version":[{"id":849,"href":"https:\/\/www.ap-ay.com\/insaat\/wp-json\/wp\/v2\/pages\/282\/revisions\/849"}],"wp:attachment":[{"href":"https:\/\/www.ap-ay.com\/insaat\/wp-json\/wp\/v2\/media?parent=282"}],"curies":[{"name":"wp","href":"https:\/\/api.w.org\/{rel}","templated":true}]}}